{"id":2,"date":"2013-08-07T12:22:42","date_gmt":"2013-08-07T12:22:42","guid":{"rendered":"http:\/\/www.moea-perles.com\/?page_id=2"},"modified":"2025-12-24T05:35:47","modified_gmt":"2025-12-24T04:35:47","slug":"page-d-exemple","status":"publish","type":"page","link":"https:\/\/www.moea-perles.com\/","title":{"rendered":""},"content":{"rendered":"\n<div class=\"wp-block-columns is-layout-flex wp-container-core-columns-is-layout-9d6595d7 wp-block-columns-is-layout-flex\">\n<div class=\"wp-block-column is-layout-flow wp-block-column-is-layout-flow\" style=\"flex-basis:100%\"><div class=\"wp-block-image\">\n<figure class=\"aligncenter size-full\"><a href=\"https:\/\/www.perles-tahiti.com\/\"><img loading=\"lazy\" decoding=\"async\" width=\"400\" height=\"400\" src=\"https:\/\/www.moea-perles.com\/wp-content\/uploads\/2025\/12\/logo-trp-400-400Moea.png\" alt=\"\" class=\"wp-image-125\" srcset=\"https:\/\/www.moea-perles.com\/wp-content\/uploads\/2025\/12\/logo-trp-400-400Moea.png 400w, https:\/\/www.moea-perles.com\/wp-content\/uploads\/2025\/12\/logo-trp-400-400Moea-300x300.png 300w, https:\/\/www.moea-perles.com\/wp-content\/uploads\/2025\/12\/logo-trp-400-400Moea-150x150.png 150w\" sizes=\"auto, (max-width: 400px) 100vw, 400px\" \/><\/a><\/figure>\n<\/div>\n\n\n<blockquote class=\"wp-block-quote is-layout-flow wp-block-quote-is-layout-flow\">\n<p class=\"has-medium-font-size\"><strong><em>Notre boutique en ligne a chang\u00e9 d&rsquo;adresse :<\/em><\/strong><\/p>\n\n\n\n<p><a href=\"https:\/\/www.perles-tahiti.com\">https:\/\/www.perles-tahiti.com<\/a><\/p>\n\n\n\n<p>Bienvenue sur Moea Perles<\/p>\n<\/blockquote>\n\n\n\n<blockquote class=\"wp-block-quote is-layout-flow wp-block-quote-is-layout-flow\">\n<p><em>Nous sommes heureux de vous accueillir dans l\u2019univers enchanteur de Moea Perles. La seule \u00e9vocation de notre nom, qui signifie \u00ab r\u00eave \u00bb en langue polyn\u00e9sienne, r\u00e9v\u00e9lera \u00e0 vos yeux la beaut\u00e9 originelle et la puret\u00e9 de nos luxueuses cr\u00e9ations de bijoux, enti\u00e8rement r\u00e9alis\u00e9s avec des perles de Tahiti de qualit\u00e9 AAA ou AA, perles japonaises Akoya et perles des mers du sud d&rsquo;Australie.<\/em><\/p>\n\n\n\n<p><em>&nbsp;Gr\u00e2ce \u00e0 notre fili\u00e8re d\u2019approvisionnement exclusif dans les meilleures fermes perli\u00e8res de Polyn\u00e9sie fran\u00e7aise et du monde, nous sommes en mesure d\u2019obtenir les gemmes les plus beaux en perles noires afin de vous fournir des bijoux d&rsquo;une qualit\u00e9 exceptionnelle. Nos perles de Tahiti, minutieusement s\u00e9lectionn\u00e9es, sont constitu\u00e9es d\u2019\u00e9paisses couches de nacres et pr\u00e9sentent un lustre tr\u00e8s brillant. <\/em><\/p>\n\n\n\n<p><em>Dans un souci de pr\u00e9server le savoir-faire, l&rsquo;\u00e9l\u00e9gance et l\u2019originalit\u00e9 du produit, chaque exemplaire de notre collection de bijoux est enti\u00e8rement r\u00e9alis\u00e9 \u00e0 la main dans notre atelier par un artisan joaillier, fort de 20 ann\u00e9es d&rsquo;exp\u00e9rience en la mati\u00e8re.<\/em><\/p>\n<\/blockquote>\n<\/div>\n<\/div>\n","protected":false},"excerpt":{"rendered":"<p>Notre boutique en ligne a chang\u00e9 d&rsquo;adresse : https:\/\/www.perles-tahiti.com Bienvenue sur Moea Perles Nous sommes heureux de vous accueillir dans l\u2019univers enchanteur de Moea Perles. La seule \u00e9vocation de notre nom, qui signifie \u00ab r\u00eave \u00bb en langue polyn\u00e9sienne, r\u00e9v\u00e9lera &hellip; <a href=\"https:\/\/www.moea-perles.com\/\">Continuer la lecture <span class=\"meta-nav\">&rarr;<\/span><\/a><\/p>\n","protected":false},"author":1,"featured_media":0,"parent":0,"menu_order":0,"comment_status":"open","ping_status":"open","template":"","meta":{"footnotes":""},"class_list":["post-2","page","type-page","status-publish","hentry"],"_links":{"self":[{"href":"https:\/\/www.moea-perles.com\/index.php?rest_route=\/wp\/v2\/pages\/2","targetHints":{"allow":["GET"]}}],"collection":[{"href":"https:\/\/www.moea-perles.com\/index.php?rest_route=\/wp\/v2\/pages"}],"about":[{"href":"https:\/\/www.moea-perles.com\/index.php?rest_route=\/wp\/v2\/types\/page"}],"author":[{"embeddable":true,"href":"https:\/\/www.moea-perles.com\/index.php?rest_route=\/wp\/v2\/users\/1"}],"replies":[{"embeddable":true,"href":"https:\/\/www.moea-perles.com\/index.php?rest_route=%2Fwp%2Fv2%2Fcomments&post=2"}],"version-history":[{"count":39,"href":"https:\/\/www.moea-perles.com\/index.php?rest_route=\/wp\/v2\/pages\/2\/revisions"}],"predecessor-version":[{"id":139,"href":"https:\/\/www.moea-perles.com\/index.php?rest_route=\/wp\/v2\/pages\/2\/revisions\/139"}],"wp:attachment":[{"href":"https:\/\/www.moea-perles.com\/index.php?rest_route=%2Fwp%2Fv2%2Fmedia&parent=2"}],"curies":[{"name":"wp","href":"https:\/\/api.w.org\/{rel}","templated":true}]}}